{"id":698,"date":"2022-12-23T11:25:19","date_gmt":"2022-12-23T10:25:19","guid":{"rendered":"https:\/\/embutidoslaencina.com\/?post_type=product&#038;p=698"},"modified":"2025-09-05T15:26:41","modified_gmt":"2025-09-05T13:26:41","slug":"chorizo-herradura-picante","status":"publish","type":"product","link":"https:\/\/embutidoslaencina.com\/en\/product\/chorizo-herradura-picante\/","title":{"rendered":"Spicy Longaniza"},"content":{"rendered":"","protected":false},"excerpt":{"rendered":"<p><strong>Spicy longaniza, 400g<\/strong><\/p>\n<p>Allegen-Free<\/p>\n<p>Cured chorizo made from Duroc pork lean cuts, marinated with hot paprika, garlic, and natural spices. After one month of curing in natural casing, it develops a balanced flavour rich in nuances, enhanced by oak and holm-oak wood smoke.<\/p>\n<p>&nbsp;<\/p>","protected":false},"featured_media":1726,"template":"","meta":{"_monsterinsights_skip_tracking":false,"_monsterinsights_sitenote_active":false,"_monsterinsights_sitenote_note":"","_monsterinsights_sitenote_category":0},"product_brand":[],"product_cat":[30],"product_tag":[],"class_list":{"0":"post-698","1":"product","2":"type-product","3":"status-publish","4":"has-post-thumbnail","6":"product_cat-curados","8":"first","9":"instock","10":"taxable","11":"shipping-taxable","12":"purchasable","13":"product-type-simple"},"yoast_head":"<!-- This site is optimized with the Yoast SEO plugin v27.4 - https:\/\/yoast.com\/product\/yoast-seo-wordpress\/ -->\n<title>Chorizo de Herradura Picante - Embutidos La Encina<\/title>\n<meta name=\"robots\" content=\"index, follow, max-snippet:-1, max-image-preview:large, max-video-preview:-1\" \/>\n<link rel=\"canonical\" href=\"https:\/\/embutidoslaencina.com\/en\/product\/chorizo-herradura-picante\/\" \/>\n<meta property=\"og:locale\" content=\"en_US\" \/>\n<meta property=\"og:type\" content=\"article\" \/>\n<meta property=\"og:title\" content=\"Chorizo de Herradura Picante - Embutidos La Encina\" \/>\n<meta property=\"og:description\" content=\"Longaniza picante, pieza de aproximadamente 400g.  Sin al\u00e9rgenos  Chorizo curado de magro Duroc, adobado con piment\u00f3n picante, ajo y especias naturales. Tras un mes de curaci\u00f3n en tripa natural, desarrolla un sabor equilibrado y lleno de matices, realzado por la le\u00f1a de roble y encina.  &nbsp;\" \/>\n<meta property=\"og:url\" content=\"https:\/\/embutidoslaencina.com\/en\/product\/chorizo-herradura-picante\/\" \/>\n<meta property=\"og:site_name\" content=\"Embutidos La Encina\" \/>\n<meta property=\"article:modified_time\" content=\"2025-09-05T13:26:41+00:00\" \/>\n<meta property=\"og:image\" content=\"https:\/\/embutidoslaencina.com\/wp-content\/uploads\/2022\/12\/chorizo-herradura-picante.jpg\" \/>\n\t<meta property=\"og:image:width\" content=\"1920\" \/>\n\t<meta property=\"og:image:height\" content=\"1920\" \/>\n\t<meta property=\"og:image:type\" content=\"image\/jpeg\" \/>\n<meta name=\"twitter:card\" content=\"summary_large_image\" \/>\n<meta name=\"twitter:label1\" content=\"Est. reading time\" \/>\n\t<meta name=\"twitter:data1\" content=\"1 minute\" \/>\n<script type=\"application\/ld+json\" class=\"yoast-schema-graph\">{\"@context\":\"https:\\\/\\\/schema.org\",\"@graph\":[{\"@type\":\"WebPage\",\"@id\":\"https:\\\/\\\/embutidoslaencina.com\\\/producto\\\/chorizo-herradura-picante\\\/\",\"url\":\"https:\\\/\\\/embutidoslaencina.com\\\/producto\\\/chorizo-herradura-picante\\\/\",\"name\":\"Chorizo de Herradura Picante - Embutidos La Encina\",\"isPartOf\":{\"@id\":\"https:\\\/\\\/embutidoslaencina.com\\\/#website\"},\"primaryImageOfPage\":{\"@id\":\"https:\\\/\\\/embutidoslaencina.com\\\/producto\\\/chorizo-herradura-picante\\\/#primaryimage\"},\"image\":{\"@id\":\"https:\\\/\\\/embutidoslaencina.com\\\/producto\\\/chorizo-herradura-picante\\\/#primaryimage\"},\"thumbnailUrl\":\"https:\\\/\\\/embutidoslaencina.com\\\/wp-content\\\/uploads\\\/2022\\\/12\\\/chorizo-herradura-picante.jpg\",\"datePublished\":\"2022-12-23T10:25:19+00:00\",\"dateModified\":\"2025-09-05T13:26:41+00:00\",\"breadcrumb\":{\"@id\":\"https:\\\/\\\/embutidoslaencina.com\\\/producto\\\/chorizo-herradura-picante\\\/#breadcrumb\"},\"inLanguage\":\"en-US\",\"potentialAction\":[{\"@type\":\"ReadAction\",\"target\":[\"https:\\\/\\\/embutidoslaencina.com\\\/producto\\\/chorizo-herradura-picante\\\/\"]}]},{\"@type\":\"ImageObject\",\"inLanguage\":\"en-US\",\"@id\":\"https:\\\/\\\/embutidoslaencina.com\\\/producto\\\/chorizo-herradura-picante\\\/#primaryimage\",\"url\":\"https:\\\/\\\/embutidoslaencina.com\\\/wp-content\\\/uploads\\\/2022\\\/12\\\/chorizo-herradura-picante.jpg\",\"contentUrl\":\"https:\\\/\\\/embutidoslaencina.com\\\/wp-content\\\/uploads\\\/2022\\\/12\\\/chorizo-herradura-picante.jpg\",\"width\":1920,\"height\":1920},{\"@type\":\"BreadcrumbList\",\"@id\":\"https:\\\/\\\/embutidoslaencina.com\\\/producto\\\/chorizo-herradura-picante\\\/#breadcrumb\",\"itemListElement\":[{\"@type\":\"ListItem\",\"position\":1,\"name\":\"Portada\",\"item\":\"https:\\\/\\\/embutidoslaencina.com\\\/\"},{\"@type\":\"ListItem\",\"position\":2,\"name\":\"Tienda\",\"item\":\"https:\\\/\\\/embutidoslaencina.com\\\/tienda\\\/\"},{\"@type\":\"ListItem\",\"position\":3,\"name\":\"Chorizo de Herradura Picante\"}]},{\"@type\":\"WebSite\",\"@id\":\"https:\\\/\\\/embutidoslaencina.com\\\/#website\",\"url\":\"https:\\\/\\\/embutidoslaencina.com\\\/\",\"name\":\"Embutidos La Encina\",\"description\":\"Bienvenido a Embutidos La Encina, donde tradici\u00f3n y sabor se unen en el coraz\u00f3n de Los Ancares leoneses, una regi\u00f3n declarada Reserva de la Biosfera. Descubre nuestros embutidos artesanales elaborados en un entorno natural \u00fanico.\",\"publisher\":{\"@id\":\"https:\\\/\\\/embutidoslaencina.com\\\/#organization\"},\"potentialAction\":[{\"@type\":\"SearchAction\",\"target\":{\"@type\":\"EntryPoint\",\"urlTemplate\":\"https:\\\/\\\/embutidoslaencina.com\\\/?s={search_term_string}\"},\"query-input\":{\"@type\":\"PropertyValueSpecification\",\"valueRequired\":true,\"valueName\":\"search_term_string\"}}],\"inLanguage\":\"en-US\"},{\"@type\":\"Organization\",\"@id\":\"https:\\\/\\\/embutidoslaencina.com\\\/#organization\",\"name\":\"Embutidos La Encina\",\"url\":\"https:\\\/\\\/embutidoslaencina.com\\\/\",\"logo\":{\"@type\":\"ImageObject\",\"inLanguage\":\"en-US\",\"@id\":\"https:\\\/\\\/embutidoslaencina.com\\\/#\\\/schema\\\/logo\\\/image\\\/\",\"url\":\"https:\\\/\\\/embutidoslaencina.com\\\/wp-content\\\/uploads\\\/2025\\\/11\\\/logo-embutidos-la-encina-og.png\",\"contentUrl\":\"https:\\\/\\\/embutidoslaencina.com\\\/wp-content\\\/uploads\\\/2025\\\/11\\\/logo-embutidos-la-encina-og.png\",\"width\":207,\"height\":202,\"caption\":\"Embutidos La Encina\"},\"image\":{\"@id\":\"https:\\\/\\\/embutidoslaencina.com\\\/#\\\/schema\\\/logo\\\/image\\\/\"},\"sameAs\":[\"https:\\\/\\\/www.instagram.com\\\/embutidoslaencina\"]}]}<\/script>\n<!-- \/ Yoast SEO plugin. -->","yoast_head_json":{"title":"Chorizo de Herradura Picante - Embutidos La Encina","robots":{"index":"index","follow":"follow","max-snippet":"max-snippet:-1","max-image-preview":"max-image-preview:large","max-video-preview":"max-video-preview:-1"},"canonical":"https:\/\/embutidoslaencina.com\/en\/product\/chorizo-herradura-picante\/","og_locale":"en_US","og_type":"article","og_title":"Chorizo de Herradura Picante - Embutidos La Encina","og_description":"Longaniza picante, pieza de aproximadamente 400g.  Sin al\u00e9rgenos  Chorizo curado de magro Duroc, adobado con piment\u00f3n picante, ajo y especias naturales. Tras un mes de curaci\u00f3n en tripa natural, desarrolla un sabor equilibrado y lleno de matices, realzado por la le\u00f1a de roble y encina.  &nbsp;","og_url":"https:\/\/embutidoslaencina.com\/en\/product\/chorizo-herradura-picante\/","og_site_name":"Embutidos La Encina","article_modified_time":"2025-09-05T13:26:41+00:00","og_image":[{"width":1920,"height":1920,"url":"https:\/\/embutidoslaencina.com\/wp-content\/uploads\/2022\/12\/chorizo-herradura-picante.jpg","type":"image\/jpeg"}],"twitter_card":"summary_large_image","twitter_misc":{"Est. reading time":"1 minute"},"schema":{"@context":"https:\/\/schema.org","@graph":[{"@type":"WebPage","@id":"https:\/\/embutidoslaencina.com\/producto\/chorizo-herradura-picante\/","url":"https:\/\/embutidoslaencina.com\/producto\/chorizo-herradura-picante\/","name":"Chorizo de Herradura Picante - Embutidos La Encina","isPartOf":{"@id":"https:\/\/embutidoslaencina.com\/#website"},"primaryImageOfPage":{"@id":"https:\/\/embutidoslaencina.com\/producto\/chorizo-herradura-picante\/#primaryimage"},"image":{"@id":"https:\/\/embutidoslaencina.com\/producto\/chorizo-herradura-picante\/#primaryimage"},"thumbnailUrl":"https:\/\/embutidoslaencina.com\/wp-content\/uploads\/2022\/12\/chorizo-herradura-picante.jpg","datePublished":"2022-12-23T10:25:19+00:00","dateModified":"2025-09-05T13:26:41+00:00","breadcrumb":{"@id":"https:\/\/embutidoslaencina.com\/producto\/chorizo-herradura-picante\/#breadcrumb"},"inLanguage":"en-US","potentialAction":[{"@type":"ReadAction","target":["https:\/\/embutidoslaencina.com\/producto\/chorizo-herradura-picante\/"]}]},{"@type":"ImageObject","inLanguage":"en-US","@id":"https:\/\/embutidoslaencina.com\/producto\/chorizo-herradura-picante\/#primaryimage","url":"https:\/\/embutidoslaencina.com\/wp-content\/uploads\/2022\/12\/chorizo-herradura-picante.jpg","contentUrl":"https:\/\/embutidoslaencina.com\/wp-content\/uploads\/2022\/12\/chorizo-herradura-picante.jpg","width":1920,"height":1920},{"@type":"BreadcrumbList","@id":"https:\/\/embutidoslaencina.com\/producto\/chorizo-herradura-picante\/#breadcrumb","itemListElement":[{"@type":"ListItem","position":1,"name":"Portada","item":"https:\/\/embutidoslaencina.com\/"},{"@type":"ListItem","position":2,"name":"Tienda","item":"https:\/\/embutidoslaencina.com\/tienda\/"},{"@type":"ListItem","position":3,"name":"Chorizo de Herradura Picante"}]},{"@type":"WebSite","@id":"https:\/\/embutidoslaencina.com\/#website","url":"https:\/\/embutidoslaencina.com\/","name":"Embutidos La Encina","description":"Bienvenido a Embutidos La Encina, donde tradici\u00f3n y sabor se unen en el coraz\u00f3n de Los Ancares leoneses, una regi\u00f3n declarada Reserva de la Biosfera. Descubre nuestros embutidos artesanales elaborados en un entorno natural \u00fanico.","publisher":{"@id":"https:\/\/embutidoslaencina.com\/#organization"},"potentialAction":[{"@type":"SearchAction","target":{"@type":"EntryPoint","urlTemplate":"https:\/\/embutidoslaencina.com\/?s={search_term_string}"},"query-input":{"@type":"PropertyValueSpecification","valueRequired":true,"valueName":"search_term_string"}}],"inLanguage":"en-US"},{"@type":"Organization","@id":"https:\/\/embutidoslaencina.com\/#organization","name":"Embutidos La Encina","url":"https:\/\/embutidoslaencina.com\/","logo":{"@type":"ImageObject","inLanguage":"en-US","@id":"https:\/\/embutidoslaencina.com\/#\/schema\/logo\/image\/","url":"https:\/\/embutidoslaencina.com\/wp-content\/uploads\/2025\/11\/logo-embutidos-la-encina-og.png","contentUrl":"https:\/\/embutidoslaencina.com\/wp-content\/uploads\/2025\/11\/logo-embutidos-la-encina-og.png","width":207,"height":202,"caption":"Embutidos La Encina"},"image":{"@id":"https:\/\/embutidoslaencina.com\/#\/schema\/logo\/image\/"},"sameAs":["https:\/\/www.instagram.com\/embutidoslaencina"]}]}},"_links":{"self":[{"href":"https:\/\/embutidoslaencina.com\/en\/wp-json\/wp\/v2\/product\/698","targetHints":{"allow":["GET"]}}],"collection":[{"href":"https:\/\/embutidoslaencina.com\/en\/wp-json\/wp\/v2\/product"}],"about":[{"href":"https:\/\/embutidoslaencina.com\/en\/wp-json\/wp\/v2\/types\/product"}],"wp:featuredmedia":[{"embeddable":true,"href":"https:\/\/embutidoslaencina.com\/en\/wp-json\/wp\/v2\/media\/1726"}],"wp:attachment":[{"href":"https:\/\/embutidoslaencina.com\/en\/wp-json\/wp\/v2\/media?parent=698"}],"wp:term":[{"taxonomy":"product_brand","embeddable":true,"href":"https:\/\/embutidoslaencina.com\/en\/wp-json\/wp\/v2\/product_brand?post=698"},{"taxonomy":"product_cat","embeddable":true,"href":"https:\/\/embutidoslaencina.com\/en\/wp-json\/wp\/v2\/product_cat?post=698"},{"taxonomy":"product_tag","embeddable":true,"href":"https:\/\/embutidoslaencina.com\/en\/wp-json\/wp\/v2\/product_tag?post=698"}],"curies":[{"name":"wp","href":"https:\/\/api.w.org\/{rel}","templated":true}]}}