{"id":1831,"date":"2025-08-13T11:26:41","date_gmt":"2025-08-13T09:26:41","guid":{"rendered":"https:\/\/staging.embutidoslaencina.com\/?post_type=product&#038;p=1831"},"modified":"2025-09-05T16:07:52","modified_gmt":"2025-09-05T14:07:52","slug":"loncheado-de-lomo","status":"publish","type":"product","link":"https:\/\/embutidoslaencina.com\/en\/product\/loncheado-de-lomo\/","title":{"rendered":"Sliced Loin"},"content":{"rendered":"","protected":false},"excerpt":{"rendered":"<p><strong>Sliced loin, 100g<\/strong><\/p>\n<p>Allergen-free<\/p>\n<p>Duroc pork loin, marinated with paprika and oregano. Stuffed in natural casing and slowly cold-cured for 6 months. The result is a loin with high marbling, served at its optimal curing point. Presented in netting, casero style.<\/p>","protected":false},"featured_media":2056,"template":"","meta":{"_monsterinsights_skip_tracking":false,"_monsterinsights_sitenote_active":false,"_monsterinsights_sitenote_note":"","_monsterinsights_sitenote_category":0},"product_brand":[],"product_cat":[45],"product_tag":[],"class_list":{"0":"post-1831","1":"product","2":"type-product","3":"status-publish","4":"has-post-thumbnail","6":"product_cat-loncheados","8":"first","9":"instock","10":"taxable","11":"shipping-taxable","12":"purchasable","13":"product-type-simple"},"yoast_head":"<!-- This site is optimized with the Yoast SEO plugin v27.4 - https:\/\/yoast.com\/product\/yoast-seo-wordpress\/ -->\n<title>Loncheado de Lomo - Embutidos La Encina<\/title>\n<meta name=\"robots\" content=\"index, follow, max-snippet:-1, max-image-preview:large, max-video-preview:-1\" \/>\n<link rel=\"canonical\" href=\"https:\/\/embutidoslaencina.com\/en\/product\/loncheado-de-lomo\/\" \/>\n<meta property=\"og:locale\" content=\"en_US\" \/>\n<meta property=\"og:type\" content=\"article\" \/>\n<meta property=\"og:title\" content=\"Loncheado de Lomo - Embutidos La Encina\" \/>\n<meta property=\"og:description\" content=\"Lomo curado casero duroc loncheado 100g  Sin alergenos  Lomo de cerdo duroc, adobado en piment\u00f3n y or\u00e9gano. Embuchado en tripa natural y curado lentamente en fr\u00edo durante 6 meses. El resultado son lomos de alta infiltraci\u00f3n, servidos en su punto optimo de curaci\u00f3n. Se presenta en malla al estilo Casero.\" \/>\n<meta property=\"og:url\" content=\"https:\/\/embutidoslaencina.com\/en\/product\/loncheado-de-lomo\/\" \/>\n<meta property=\"og:site_name\" content=\"Embutidos La Encina\" \/>\n<meta property=\"article:modified_time\" content=\"2025-09-05T14:07:52+00:00\" \/>\n<meta property=\"og:image\" content=\"https:\/\/embutidoslaencina.com\/wp-content\/uploads\/2025\/08\/loncheados-lomo.jpg\" \/>\n\t<meta property=\"og:image:width\" content=\"1920\" \/>\n\t<meta property=\"og:image:height\" content=\"1920\" \/>\n\t<meta property=\"og:image:type\" content=\"image\/jpeg\" \/>\n<meta name=\"twitter:card\" content=\"summary_large_image\" \/>\n<meta name=\"twitter:label1\" content=\"Est. reading time\" \/>\n\t<meta name=\"twitter:data1\" content=\"1 minute\" \/>\n<script type=\"application\/ld+json\" class=\"yoast-schema-graph\">{\"@context\":\"https:\\\/\\\/schema.org\",\"@graph\":[{\"@type\":\"WebPage\",\"@id\":\"https:\\\/\\\/embutidoslaencina.com\\\/producto\\\/loncheado-de-lomo\\\/\",\"url\":\"https:\\\/\\\/embutidoslaencina.com\\\/producto\\\/loncheado-de-lomo\\\/\",\"name\":\"Loncheado de Lomo - Embutidos La Encina\",\"isPartOf\":{\"@id\":\"https:\\\/\\\/embutidoslaencina.com\\\/#website\"},\"primaryImageOfPage\":{\"@id\":\"https:\\\/\\\/embutidoslaencina.com\\\/producto\\\/loncheado-de-lomo\\\/#primaryimage\"},\"image\":{\"@id\":\"https:\\\/\\\/embutidoslaencina.com\\\/producto\\\/loncheado-de-lomo\\\/#primaryimage\"},\"thumbnailUrl\":\"https:\\\/\\\/embutidoslaencina.com\\\/wp-content\\\/uploads\\\/2025\\\/08\\\/loncheados-lomo.jpg\",\"datePublished\":\"2025-08-13T09:26:41+00:00\",\"dateModified\":\"2025-09-05T14:07:52+00:00\",\"breadcrumb\":{\"@id\":\"https:\\\/\\\/embutidoslaencina.com\\\/producto\\\/loncheado-de-lomo\\\/#breadcrumb\"},\"inLanguage\":\"en-US\",\"potentialAction\":[{\"@type\":\"ReadAction\",\"target\":[\"https:\\\/\\\/embutidoslaencina.com\\\/producto\\\/loncheado-de-lomo\\\/\"]}]},{\"@type\":\"ImageObject\",\"inLanguage\":\"en-US\",\"@id\":\"https:\\\/\\\/embutidoslaencina.com\\\/producto\\\/loncheado-de-lomo\\\/#primaryimage\",\"url\":\"https:\\\/\\\/embutidoslaencina.com\\\/wp-content\\\/uploads\\\/2025\\\/08\\\/loncheados-lomo.jpg\",\"contentUrl\":\"https:\\\/\\\/embutidoslaencina.com\\\/wp-content\\\/uploads\\\/2025\\\/08\\\/loncheados-lomo.jpg\",\"width\":1920,\"height\":1920},{\"@type\":\"BreadcrumbList\",\"@id\":\"https:\\\/\\\/embutidoslaencina.com\\\/producto\\\/loncheado-de-lomo\\\/#breadcrumb\",\"itemListElement\":[{\"@type\":\"ListItem\",\"position\":1,\"name\":\"Portada\",\"item\":\"https:\\\/\\\/embutidoslaencina.com\\\/\"},{\"@type\":\"ListItem\",\"position\":2,\"name\":\"Tienda\",\"item\":\"https:\\\/\\\/embutidoslaencina.com\\\/tienda\\\/\"},{\"@type\":\"ListItem\",\"position\":3,\"name\":\"Loncheado de Lomo\"}]},{\"@type\":\"WebSite\",\"@id\":\"https:\\\/\\\/embutidoslaencina.com\\\/#website\",\"url\":\"https:\\\/\\\/embutidoslaencina.com\\\/\",\"name\":\"Embutidos La Encina\",\"description\":\"Bienvenido a Embutidos La Encina, donde tradici\u00f3n y sabor se unen en el coraz\u00f3n de Los Ancares leoneses, una regi\u00f3n declarada Reserva de la Biosfera. Descubre nuestros embutidos artesanales elaborados en un entorno natural \u00fanico.\",\"publisher\":{\"@id\":\"https:\\\/\\\/embutidoslaencina.com\\\/#organization\"},\"potentialAction\":[{\"@type\":\"SearchAction\",\"target\":{\"@type\":\"EntryPoint\",\"urlTemplate\":\"https:\\\/\\\/embutidoslaencina.com\\\/?s={search_term_string}\"},\"query-input\":{\"@type\":\"PropertyValueSpecification\",\"valueRequired\":true,\"valueName\":\"search_term_string\"}}],\"inLanguage\":\"en-US\"},{\"@type\":\"Organization\",\"@id\":\"https:\\\/\\\/embutidoslaencina.com\\\/#organization\",\"name\":\"Embutidos La Encina\",\"url\":\"https:\\\/\\\/embutidoslaencina.com\\\/\",\"logo\":{\"@type\":\"ImageObject\",\"inLanguage\":\"en-US\",\"@id\":\"https:\\\/\\\/embutidoslaencina.com\\\/#\\\/schema\\\/logo\\\/image\\\/\",\"url\":\"https:\\\/\\\/embutidoslaencina.com\\\/wp-content\\\/uploads\\\/2025\\\/11\\\/logo-embutidos-la-encina-og.png\",\"contentUrl\":\"https:\\\/\\\/embutidoslaencina.com\\\/wp-content\\\/uploads\\\/2025\\\/11\\\/logo-embutidos-la-encina-og.png\",\"width\":207,\"height\":202,\"caption\":\"Embutidos La Encina\"},\"image\":{\"@id\":\"https:\\\/\\\/embutidoslaencina.com\\\/#\\\/schema\\\/logo\\\/image\\\/\"},\"sameAs\":[\"https:\\\/\\\/www.instagram.com\\\/embutidoslaencina\"]}]}<\/script>\n<!-- \/ Yoast SEO plugin. -->","yoast_head_json":{"title":"Loncheado de Lomo - Embutidos La Encina","robots":{"index":"index","follow":"follow","max-snippet":"max-snippet:-1","max-image-preview":"max-image-preview:large","max-video-preview":"max-video-preview:-1"},"canonical":"https:\/\/embutidoslaencina.com\/en\/product\/loncheado-de-lomo\/","og_locale":"en_US","og_type":"article","og_title":"Loncheado de Lomo - Embutidos La Encina","og_description":"Lomo curado casero duroc loncheado 100g  Sin alergenos  Lomo de cerdo duroc, adobado en piment\u00f3n y or\u00e9gano. Embuchado en tripa natural y curado lentamente en fr\u00edo durante 6 meses. El resultado son lomos de alta infiltraci\u00f3n, servidos en su punto optimo de curaci\u00f3n. Se presenta en malla al estilo Casero.","og_url":"https:\/\/embutidoslaencina.com\/en\/product\/loncheado-de-lomo\/","og_site_name":"Embutidos La Encina","article_modified_time":"2025-09-05T14:07:52+00:00","og_image":[{"width":1920,"height":1920,"url":"https:\/\/embutidoslaencina.com\/wp-content\/uploads\/2025\/08\/loncheados-lomo.jpg","type":"image\/jpeg"}],"twitter_card":"summary_large_image","twitter_misc":{"Est. reading time":"1 minute"},"schema":{"@context":"https:\/\/schema.org","@graph":[{"@type":"WebPage","@id":"https:\/\/embutidoslaencina.com\/producto\/loncheado-de-lomo\/","url":"https:\/\/embutidoslaencina.com\/producto\/loncheado-de-lomo\/","name":"Loncheado de Lomo - Embutidos La Encina","isPartOf":{"@id":"https:\/\/embutidoslaencina.com\/#website"},"primaryImageOfPage":{"@id":"https:\/\/embutidoslaencina.com\/producto\/loncheado-de-lomo\/#primaryimage"},"image":{"@id":"https:\/\/embutidoslaencina.com\/producto\/loncheado-de-lomo\/#primaryimage"},"thumbnailUrl":"https:\/\/embutidoslaencina.com\/wp-content\/uploads\/2025\/08\/loncheados-lomo.jpg","datePublished":"2025-08-13T09:26:41+00:00","dateModified":"2025-09-05T14:07:52+00:00","breadcrumb":{"@id":"https:\/\/embutidoslaencina.com\/producto\/loncheado-de-lomo\/#breadcrumb"},"inLanguage":"en-US","potentialAction":[{"@type":"ReadAction","target":["https:\/\/embutidoslaencina.com\/producto\/loncheado-de-lomo\/"]}]},{"@type":"ImageObject","inLanguage":"en-US","@id":"https:\/\/embutidoslaencina.com\/producto\/loncheado-de-lomo\/#primaryimage","url":"https:\/\/embutidoslaencina.com\/wp-content\/uploads\/2025\/08\/loncheados-lomo.jpg","contentUrl":"https:\/\/embutidoslaencina.com\/wp-content\/uploads\/2025\/08\/loncheados-lomo.jpg","width":1920,"height":1920},{"@type":"BreadcrumbList","@id":"https:\/\/embutidoslaencina.com\/producto\/loncheado-de-lomo\/#breadcrumb","itemListElement":[{"@type":"ListItem","position":1,"name":"Portada","item":"https:\/\/embutidoslaencina.com\/"},{"@type":"ListItem","position":2,"name":"Tienda","item":"https:\/\/embutidoslaencina.com\/tienda\/"},{"@type":"ListItem","position":3,"name":"Loncheado de Lomo"}]},{"@type":"WebSite","@id":"https:\/\/embutidoslaencina.com\/#website","url":"https:\/\/embutidoslaencina.com\/","name":"Embutidos La Encina","description":"Bienvenido a Embutidos La Encina, donde tradici\u00f3n y sabor se unen en el coraz\u00f3n de Los Ancares leoneses, una regi\u00f3n declarada Reserva de la Biosfera. Descubre nuestros embutidos artesanales elaborados en un entorno natural \u00fanico.","publisher":{"@id":"https:\/\/embutidoslaencina.com\/#organization"},"potentialAction":[{"@type":"SearchAction","target":{"@type":"EntryPoint","urlTemplate":"https:\/\/embutidoslaencina.com\/?s={search_term_string}"},"query-input":{"@type":"PropertyValueSpecification","valueRequired":true,"valueName":"search_term_string"}}],"inLanguage":"en-US"},{"@type":"Organization","@id":"https:\/\/embutidoslaencina.com\/#organization","name":"Embutidos La Encina","url":"https:\/\/embutidoslaencina.com\/","logo":{"@type":"ImageObject","inLanguage":"en-US","@id":"https:\/\/embutidoslaencina.com\/#\/schema\/logo\/image\/","url":"https:\/\/embutidoslaencina.com\/wp-content\/uploads\/2025\/11\/logo-embutidos-la-encina-og.png","contentUrl":"https:\/\/embutidoslaencina.com\/wp-content\/uploads\/2025\/11\/logo-embutidos-la-encina-og.png","width":207,"height":202,"caption":"Embutidos La Encina"},"image":{"@id":"https:\/\/embutidoslaencina.com\/#\/schema\/logo\/image\/"},"sameAs":["https:\/\/www.instagram.com\/embutidoslaencina"]}]}},"_links":{"self":[{"href":"https:\/\/embutidoslaencina.com\/en\/wp-json\/wp\/v2\/product\/1831","targetHints":{"allow":["GET"]}}],"collection":[{"href":"https:\/\/embutidoslaencina.com\/en\/wp-json\/wp\/v2\/product"}],"about":[{"href":"https:\/\/embutidoslaencina.com\/en\/wp-json\/wp\/v2\/types\/product"}],"wp:featuredmedia":[{"embeddable":true,"href":"https:\/\/embutidoslaencina.com\/en\/wp-json\/wp\/v2\/media\/2056"}],"wp:attachment":[{"href":"https:\/\/embutidoslaencina.com\/en\/wp-json\/wp\/v2\/media?parent=1831"}],"wp:term":[{"taxonomy":"product_brand","embeddable":true,"href":"https:\/\/embutidoslaencina.com\/en\/wp-json\/wp\/v2\/product_brand?post=1831"},{"taxonomy":"product_cat","embeddable":true,"href":"https:\/\/embutidoslaencina.com\/en\/wp-json\/wp\/v2\/product_cat?post=1831"},{"taxonomy":"product_tag","embeddable":true,"href":"https:\/\/embutidoslaencina.com\/en\/wp-json\/wp\/v2\/product_tag?post=1831"}],"curies":[{"name":"wp","href":"https:\/\/api.w.org\/{rel}","templated":true}]}}