{"id":910,"date":"2023-01-31T13:19:26","date_gmt":"2023-01-31T12:19:26","guid":{"rendered":"https:\/\/embutidoslaencina.com\/?page_id=910"},"modified":"2025-08-19T17:22:45","modified_gmt":"2025-08-19T15:22:45","slug":"condiciones-de-venta","status":"publish","type":"page","link":"https:\/\/embutidoslaencina.com\/en\/condiciones-de-venta\/","title":{"rendered":"Conditions of sale"},"content":{"rendered":"<article class=\"legal-content\">\n<h2>T\u00e9rminos y condiciones de venta<\/h2>\n<p>Las presentes condiciones generales de venta se aplican estrictamente a todas las ventas de productos efectuadas por la tienda online embutidoslaencina.com. Todo pedido hecho a la tienda online embutidoslaencina.com implica necesariamente a t\u00edtulo de condici\u00f3n esencial, determinante e imprescindible, la aceptaci\u00f3n sin reservas por el Cliente de las Condiciones Generales de Venta de la tienda online embutidoslaencina.com vigentes el d\u00eda en que se lleve a cabo el pedido correspondiente. Adem\u00e1s, el Cliente reconoce que la aceptaci\u00f3n de las presentes condiciones implicar\u00e1 la aplicaci\u00f3n de \u00e9stas al pedido al que se refieren, as\u00ed como a todo pedido posterior, con excepci\u00f3n de aquellos casos en que nuevas condiciones sean puestas en su conocimiento por la tienda online <strong>embutidoslaencina.com.<\/strong><\/p>\n<p>El hecho que la tienda online embutidoslaencina.com no recurra en un momento dado a cualquiera de las presentes condiciones no puede ser interpretado ni equivaldr\u00e1 a renunciar a recurrir a ellas en el futuro o en el pasado. La interpretaci\u00f3n y la ejecuci\u00f3n de las condiciones, as\u00ed como todos los actos que sean consecuencia de ellas, quedar\u00e1n sometidos al derecho espa\u00f1ol, salvo que existan disposiciones de orden p\u00fablico contrarias a ello.<\/p>\n<h3>Identidades de las partes<\/h3>\n<p>Por una parte, EMBUTIDOS LA ENCINA SL. (Jose Carballo http:\/\/embutidoslaencina.com con CIF B24256679), activo como proveedor de los productos contratados por el consumidor y\/o usuario, con domicilio social en C\/ Los Ancares s\/n, Ocero-Vega de Espinareda 24439 LE\u00d3N, Espa\u00f1a. Direcci\u00f3n de contacto: info@embutidoslaencina.com y tel\u00e9fono (+34) 606 36 52 56. Sociedad inscrita en el Registro Mercantil de Le\u00f3n: Tomo 503, Libro 210, Hoja LE-2591, Inscripci\u00f3n 1\u00aa.<\/p>\n<p>Por otra parte, el usuario, registrado en el sitio web y cuyo prop\u00f3sito es ser consumidor y\/o usuario de esta y\/o contratar los productos o servicios de embutidoslaencina.com. El consumidor y\/o usuario tiene responsabilidad por los datos que proporcione a embutidoslaencina.com y responde de la veracidad de los mismos.<\/p>\n<h3>Precios<\/h3>\n<p>Los precios publicados en la tienda online embutidoslaencina.com son en Euros e incluyen el IVA aplicable en el d\u00eda del pedido. Cualquier cambio de tasa de IVA ser\u00e1 aplicado autom\u00e1ticamente. Las ofertas se mostrar\u00e1n en el apartado \u00abOfertas\u00bb o en la ficha del producto y, salvo indicaci\u00f3n contraria, ser\u00e1n v\u00e1lidas mientras se muestren en pantalla. Los vales de descuento tendr\u00e1n vigencia y condiciones espec\u00edficas. Consulte las especificaciones de cada vale antes de utilizarlo.<\/p>\n<h3>Objeto del contrato (descripci\u00f3n de productos y servicios)<\/h3>\n<p>El objeto del contrato es regular la relaci\u00f3n existente entre embutidoslaencina.com y el consumidor y\/o usuario en el momento en que \u00e9ste otorga su consentimiento durante el proceso de contrataci\u00f3n al aceptar la casilla correspondiente (con informaci\u00f3n previa sobre condiciones generales, aviso legal y pol\u00edtica de privacidad).<\/p>\n<p>La relaci\u00f3n contractual de compraventa conlleva la entrega de un producto a cambio de un precio determinado en la web.<\/p>\n<h3>Formas de pago<\/h3>\n<p>Al formular el pedido, el cliente puede elegir libremente entre las siguientes formas de pago:<\/p>\n<ul>\n<li><strong>Transferencia bancaria:<\/strong> El comprador debe realizar una transferencia (indicando la referencia del pedido) en un plazo m\u00e1ximo de 3 d\u00edas h\u00e1biles. La empresa puede cancelar el pedido si no recibe confirmaci\u00f3n en ese plazo. La cuenta bancaria se muestra al seleccionar esta opci\u00f3n.<\/li>\n<li><strong>PayPal:<\/strong> El comprador debe disponer de cuenta PayPal. M\u00e1s informaci\u00f3n en <a href=\"http:\/\/www.paypal.es\/\">www.paypal.es<\/a>.<\/li>\n<li><strong>Tarjeta de cr\u00e9dito\/d\u00e9bito mediante TPV virtual:<\/strong> El comprador debe indicar n\u00famero de tarjeta, fecha de caducidad y CVV. Los datos son enviados cifrados al banco y no se facilitan a embutidoslaencina.com.<\/li>\n<\/ul>\n<h3>Productos<\/h3>\n<p>Las ofertas de embutidoslaencina.com son v\u00e1lidas dentro del l\u00edmite de existencias disponibles y de las fechas establecidas. La tienda se reserva el derecho a modificar el surtido de productos seg\u00fan disponibilidad de proveedores.<\/p>\n<p>Si un producto no est\u00e1 disponible, el usuario podr\u00e1 dejar su email para ser notificado cuando vuelva a estar en stock.<\/p>\n<h3>Facturas<\/h3>\n<p>Si necesita una factura distinta a la emitida en la compra, env\u00ede un email a info@embutidoslaencina.com.<\/p>\n<h3>Devoluciones<\/h3>\n<p>El plazo m\u00e1ximo legal de devoluci\u00f3n es de 15 d\u00edas desde la recepci\u00f3n, v\u00e1lido siempre que el producto se encuentre en su embalaje original, con etiquetas y en las mismas condiciones de env\u00edo. Solo se aceptar\u00e1n devoluciones en casos como: producto incorrecto, producto caducado al recibirlo, etc.<\/p>\n<h3>Gastos de env\u00edo<\/h3>\n<p>Los gastos de env\u00edo se detallan en cada compra y se muestran de forma independiente.<\/p>\n<\/article>","protected":false},"excerpt":{"rendered":"<p>T\u00e9rminos y condiciones de venta Las presentes condiciones generales de venta se aplican estrictamente a todas las ventas de productos efectuadas por la tienda online embutidoslaencina.com.<span class=\"excerpt-hellip\"> [\u2026]<\/span><\/p>","protected":false},"author":2,"featured_media":0,"parent":0,"menu_order":0,"comment_status":"closed","ping_status":"closed","template":"","meta":{"_monsterinsights_skip_tracking":false,"_monsterinsights_sitenote_active":false,"_monsterinsights_sitenote_note":"","_monsterinsights_sitenote_category":0,"footnotes":""},"class_list":["post-910","page","type-page","status-publish","hentry"],"yoast_head":"<!-- This site is optimized with the Yoast SEO plugin v27.4 - https:\/\/yoast.com\/product\/yoast-seo-wordpress\/ -->\n<title>Condiciones de venta - Embutidos La Encina<\/title>\n<meta name=\"robots\" content=\"index, follow, max-snippet:-1, max-image-preview:large, max-video-preview:-1\" \/>\n<link rel=\"canonical\" href=\"https:\/\/embutidoslaencina.com\/en\/condiciones-de-venta\/\" \/>\n<meta property=\"og:locale\" content=\"en_US\" \/>\n<meta property=\"og:type\" content=\"article\" \/>\n<meta property=\"og:title\" content=\"Condiciones de venta - Embutidos La Encina\" \/>\n<meta property=\"og:description\" content=\"T\u00e9rminos y condiciones de venta Las presentes condiciones generales de venta se aplican estrictamente a todas las ventas de productos efectuadas por la tienda online embutidoslaencina.com. [\u2026]\" \/>\n<meta property=\"og:url\" content=\"https:\/\/embutidoslaencina.com\/en\/condiciones-de-venta\/\" \/>\n<meta property=\"og:site_name\" content=\"Embutidos La Encina\" \/>\n<meta property=\"article:modified_time\" content=\"2025-08-19T15:22:45+00:00\" \/>\n<meta property=\"og:image\" content=\"https:\/\/embutidoslaencina.com\/wp-content\/uploads\/2025\/11\/embutidos-la-encina.png\" \/>\n\t<meta property=\"og:image:width\" content=\"1200\" \/>\n\t<meta property=\"og:image:height\" content=\"675\" \/>\n\t<meta property=\"og:image:type\" content=\"image\/png\" \/>\n<meta name=\"twitter:card\" content=\"summary_large_image\" \/>\n<meta name=\"twitter:label1\" content=\"Est. reading time\" \/>\n\t<meta name=\"twitter:data1\" content=\"4 minutes\" \/>\n<script type=\"application\/ld+json\" class=\"yoast-schema-graph\">{\"@context\":\"https:\\\/\\\/schema.org\",\"@graph\":[{\"@type\":\"WebPage\",\"@id\":\"https:\\\/\\\/embutidoslaencina.com\\\/condiciones-de-venta\\\/\",\"url\":\"https:\\\/\\\/embutidoslaencina.com\\\/condiciones-de-venta\\\/\",\"name\":\"Condiciones de venta - Embutidos La Encina\",\"isPartOf\":{\"@id\":\"https:\\\/\\\/embutidoslaencina.com\\\/#website\"},\"datePublished\":\"2023-01-31T12:19:26+00:00\",\"dateModified\":\"2025-08-19T15:22:45+00:00\",\"breadcrumb\":{\"@id\":\"https:\\\/\\\/embutidoslaencina.com\\\/condiciones-de-venta\\\/#breadcrumb\"},\"inLanguage\":\"en-US\",\"potentialAction\":[{\"@type\":\"ReadAction\",\"target\":[\"https:\\\/\\\/embutidoslaencina.com\\\/condiciones-de-venta\\\/\"]}]},{\"@type\":\"BreadcrumbList\",\"@id\":\"https:\\\/\\\/embutidoslaencina.com\\\/condiciones-de-venta\\\/#breadcrumb\",\"itemListElement\":[{\"@type\":\"ListItem\",\"position\":1,\"name\":\"Portada\",\"item\":\"https:\\\/\\\/embutidoslaencina.com\\\/\"},{\"@type\":\"ListItem\",\"position\":2,\"name\":\"Condiciones de venta\"}]},{\"@type\":\"WebSite\",\"@id\":\"https:\\\/\\\/embutidoslaencina.com\\\/#website\",\"url\":\"https:\\\/\\\/embutidoslaencina.com\\\/\",\"name\":\"Embutidos La Encina\",\"description\":\"Bienvenido a Embutidos La Encina, donde tradici\u00f3n y sabor se unen en el coraz\u00f3n de Los Ancares leoneses, una regi\u00f3n declarada Reserva de la Biosfera. Descubre nuestros embutidos artesanales elaborados en un entorno natural \u00fanico.\",\"publisher\":{\"@id\":\"https:\\\/\\\/embutidoslaencina.com\\\/#organization\"},\"potentialAction\":[{\"@type\":\"SearchAction\",\"target\":{\"@type\":\"EntryPoint\",\"urlTemplate\":\"https:\\\/\\\/embutidoslaencina.com\\\/?s={search_term_string}\"},\"query-input\":{\"@type\":\"PropertyValueSpecification\",\"valueRequired\":true,\"valueName\":\"search_term_string\"}}],\"inLanguage\":\"en-US\"},{\"@type\":\"Organization\",\"@id\":\"https:\\\/\\\/embutidoslaencina.com\\\/#organization\",\"name\":\"Embutidos La Encina\",\"url\":\"https:\\\/\\\/embutidoslaencina.com\\\/\",\"logo\":{\"@type\":\"ImageObject\",\"inLanguage\":\"en-US\",\"@id\":\"https:\\\/\\\/embutidoslaencina.com\\\/#\\\/schema\\\/logo\\\/image\\\/\",\"url\":\"https:\\\/\\\/embutidoslaencina.com\\\/wp-content\\\/uploads\\\/2025\\\/11\\\/logo-embutidos-la-encina-og.png\",\"contentUrl\":\"https:\\\/\\\/embutidoslaencina.com\\\/wp-content\\\/uploads\\\/2025\\\/11\\\/logo-embutidos-la-encina-og.png\",\"width\":207,\"height\":202,\"caption\":\"Embutidos La Encina\"},\"image\":{\"@id\":\"https:\\\/\\\/embutidoslaencina.com\\\/#\\\/schema\\\/logo\\\/image\\\/\"},\"sameAs\":[\"https:\\\/\\\/www.instagram.com\\\/embutidoslaencina\"]}]}<\/script>\n<!-- \/ Yoast SEO plugin. -->","yoast_head_json":{"title":"Condiciones de venta - Embutidos La Encina","robots":{"index":"index","follow":"follow","max-snippet":"max-snippet:-1","max-image-preview":"max-image-preview:large","max-video-preview":"max-video-preview:-1"},"canonical":"https:\/\/embutidoslaencina.com\/en\/condiciones-de-venta\/","og_locale":"en_US","og_type":"article","og_title":"Condiciones de venta - Embutidos La Encina","og_description":"T\u00e9rminos y condiciones de venta Las presentes condiciones generales de venta se aplican estrictamente a todas las ventas de productos efectuadas por la tienda online embutidoslaencina.com. [\u2026]","og_url":"https:\/\/embutidoslaencina.com\/en\/condiciones-de-venta\/","og_site_name":"Embutidos La Encina","article_modified_time":"2025-08-19T15:22:45+00:00","og_image":[{"width":1200,"height":675,"url":"https:\/\/embutidoslaencina.com\/wp-content\/uploads\/2025\/11\/embutidos-la-encina.png","type":"image\/png"}],"twitter_card":"summary_large_image","twitter_misc":{"Est. reading time":"4 minutes"},"schema":{"@context":"https:\/\/schema.org","@graph":[{"@type":"WebPage","@id":"https:\/\/embutidoslaencina.com\/condiciones-de-venta\/","url":"https:\/\/embutidoslaencina.com\/condiciones-de-venta\/","name":"Condiciones de venta - Embutidos La Encina","isPartOf":{"@id":"https:\/\/embutidoslaencina.com\/#website"},"datePublished":"2023-01-31T12:19:26+00:00","dateModified":"2025-08-19T15:22:45+00:00","breadcrumb":{"@id":"https:\/\/embutidoslaencina.com\/condiciones-de-venta\/#breadcrumb"},"inLanguage":"en-US","potentialAction":[{"@type":"ReadAction","target":["https:\/\/embutidoslaencina.com\/condiciones-de-venta\/"]}]},{"@type":"BreadcrumbList","@id":"https:\/\/embutidoslaencina.com\/condiciones-de-venta\/#breadcrumb","itemListElement":[{"@type":"ListItem","position":1,"name":"Portada","item":"https:\/\/embutidoslaencina.com\/"},{"@type":"ListItem","position":2,"name":"Condiciones de venta"}]},{"@type":"WebSite","@id":"https:\/\/embutidoslaencina.com\/#website","url":"https:\/\/embutidoslaencina.com\/","name":"Embutidos La Encina","description":"Bienvenido a Embutidos La Encina, donde tradici\u00f3n y sabor se unen en el coraz\u00f3n de Los Ancares leoneses, una regi\u00f3n declarada Reserva de la Biosfera. Descubre nuestros embutidos artesanales elaborados en un entorno natural \u00fanico.","publisher":{"@id":"https:\/\/embutidoslaencina.com\/#organization"},"potentialAction":[{"@type":"SearchAction","target":{"@type":"EntryPoint","urlTemplate":"https:\/\/embutidoslaencina.com\/?s={search_term_string}"},"query-input":{"@type":"PropertyValueSpecification","valueRequired":true,"valueName":"search_term_string"}}],"inLanguage":"en-US"},{"@type":"Organization","@id":"https:\/\/embutidoslaencina.com\/#organization","name":"Embutidos La Encina","url":"https:\/\/embutidoslaencina.com\/","logo":{"@type":"ImageObject","inLanguage":"en-US","@id":"https:\/\/embutidoslaencina.com\/#\/schema\/logo\/image\/","url":"https:\/\/embutidoslaencina.com\/wp-content\/uploads\/2025\/11\/logo-embutidos-la-encina-og.png","contentUrl":"https:\/\/embutidoslaencina.com\/wp-content\/uploads\/2025\/11\/logo-embutidos-la-encina-og.png","width":207,"height":202,"caption":"Embutidos La Encina"},"image":{"@id":"https:\/\/embutidoslaencina.com\/#\/schema\/logo\/image\/"},"sameAs":["https:\/\/www.instagram.com\/embutidoslaencina"]}]}},"_links":{"self":[{"href":"https:\/\/embutidoslaencina.com\/en\/wp-json\/wp\/v2\/pages\/910","targetHints":{"allow":["GET"]}}],"collection":[{"href":"https:\/\/embutidoslaencina.com\/en\/wp-json\/wp\/v2\/pages"}],"about":[{"href":"https:\/\/embutidoslaencina.com\/en\/wp-json\/wp\/v2\/types\/page"}],"author":[{"embeddable":true,"href":"https:\/\/embutidoslaencina.com\/en\/wp-json\/wp\/v2\/users\/2"}],"replies":[{"embeddable":true,"href":"https:\/\/embutidoslaencina.com\/en\/wp-json\/wp\/v2\/comments?post=910"}],"version-history":[{"count":4,"href":"https:\/\/embutidoslaencina.com\/en\/wp-json\/wp\/v2\/pages\/910\/revisions"}],"predecessor-version":[{"id":2035,"href":"https:\/\/embutidoslaencina.com\/en\/wp-json\/wp\/v2\/pages\/910\/revisions\/2035"}],"wp:attachment":[{"href":"https:\/\/embutidoslaencina.com\/en\/wp-json\/wp\/v2\/media?parent=910"}],"curies":[{"name":"wp","href":"https:\/\/api.w.org\/{rel}","templated":true}]}}